{"id":358,"date":"2020-03-11T16:26:25","date_gmt":"2020-03-11T16:26:25","guid":{"rendered":"http:\/\/certait.pl\/?page_id=358"},"modified":"2020-03-11T16:28:16","modified_gmt":"2020-03-11T16:28:16","slug":"emilia","status":"publish","type":"page","link":"https:\/\/certait.pl\/index.php\/emilia\/","title":{"rendered":"Emilia"},"content":{"rendered":"\n<p>Certyfikowany audytor. Pracowa\u0142a dla firmy z tzw. Wielkiej Czw\u00f3rki. Analiza proces\u00f3w i ryzyka to chleb powszedni. Analiza danych z system\u00f3w ERP takich jak SAP, nie jest jej straszna.<\/p>\n","protected":false},"excerpt":{"rendered":"<p>Certyfikowany audytor. Pracowa\u0142a dla firmy z tzw. Wielkiej Czw\u00f3rki. Analiza proces\u00f3w i ryzyka to chleb powszedni. Analiza danych z system\u00f3w ERP takich jak SAP, nie jest jej straszna.<\/p>\n","protected":false},"author":1,"featured_media":13,"parent":0,"menu_order":0,"comment_status":"closed","ping_status":"closed","template":"page-templates\/single-employee.php","meta":[],"_links":{"self":[{"href":"https:\/\/certait.pl\/index.php\/wp-json\/wp\/v2\/pages\/358"}],"collection":[{"href":"https:\/\/certait.pl\/index.php\/wp-json\/wp\/v2\/pages"}],"about":[{"href":"https:\/\/certait.pl\/index.php\/wp-json\/wp\/v2\/types\/page"}],"author":[{"embeddable":true,"href":"https:\/\/certait.pl\/index.php\/wp-json\/wp\/v2\/users\/1"}],"replies":[{"embeddable":true,"href":"https:\/\/certait.pl\/index.php\/wp-json\/wp\/v2\/comments?post=358"}],"version-history":[{"count":2,"href":"https:\/\/certait.pl\/index.php\/wp-json\/wp\/v2\/pages\/358\/revisions"}],"predecessor-version":[{"id":360,"href":"https:\/\/certait.pl\/index.php\/wp-json\/wp\/v2\/pages\/358\/revisions\/360"}],"wp:featuredmedia":[{"embeddable":true,"href":"https:\/\/certait.pl\/index.php\/wp-json\/wp\/v2\/media\/13"}],"wp:attachment":[{"href":"https:\/\/certait.pl\/index.php\/wp-json\/wp\/v2\/media?parent=358"}],"curies":[{"name":"wp","href":"https:\/\/api.w.org\/{rel}","templated":true}]}}