{"id":320,"date":"2017-04-04T21:47:12","date_gmt":"2017-04-04T21:47:12","guid":{"rendered":"http:\/\/certait.pl\/?page_id=320"},"modified":"2020-03-11T16:23:12","modified_gmt":"2020-03-11T16:23:12","slug":"sieci-komputerowe","status":"publish","type":"page","link":"https:\/\/certait.pl\/index.php\/sieci-komputerowe\/","title":{"rendered":"Sieci komputerowe"},"content":{"rendered":"<p>Projektujemy i wdra\u017camy sieci komputerowe dla ma\u0142ych firm jak i du\u017cych organizacji. Wykorzystujemy produkty sprawdzonych firm Cisco i Ubiquiti. Oferujemy mo\u017cliwo\u015b\u0107 monitoringu sieci po wdro\u017ceniu. Wsp\u00f3\u0142pracujemy z profesjonalnymi firmami wykonuj\u0105cymi instalacje niskopr\u0105dowe i \u015bwiat\u0142owodowe.<\/p>\n","protected":false},"excerpt":{"rendered":"<p>Projektujemy i wdra\u017camy sieci komputerowe dla ma\u0142ych firm jak i du\u017cych organizacji. Wykorzystujemy produkty sprawdzonych firm Cisco i Ubiquiti. Oferujemy mo\u017cliwo\u015b\u0107 monitoringu sieci po wdro\u017ceniu. Wsp\u00f3\u0142pracujemy z profesjonalnymi firmami wykonuj\u0105cymi instalacje niskopr\u0105dowe i \u015bwiat\u0142owodowe.<\/p>\n","protected":false},"author":1,"featured_media":6,"parent":0,"menu_order":0,"comment_status":"closed","ping_status":"closed","template":"page-templates\/single-service.php","meta":[],"_links":{"self":[{"href":"https:\/\/certait.pl\/index.php\/wp-json\/wp\/v2\/pages\/320"}],"collection":[{"href":"https:\/\/certait.pl\/index.php\/wp-json\/wp\/v2\/pages"}],"about":[{"href":"https:\/\/certait.pl\/index.php\/wp-json\/wp\/v2\/types\/page"}],"author":[{"embeddable":true,"href":"https:\/\/certait.pl\/index.php\/wp-json\/wp\/v2\/users\/1"}],"replies":[{"embeddable":true,"href":"https:\/\/certait.pl\/index.php\/wp-json\/wp\/v2\/comments?post=320"}],"version-history":[{"count":4,"href":"https:\/\/certait.pl\/index.php\/wp-json\/wp\/v2\/pages\/320\/revisions"}],"predecessor-version":[{"id":357,"href":"https:\/\/certait.pl\/index.php\/wp-json\/wp\/v2\/pages\/320\/revisions\/357"}],"wp:featuredmedia":[{"embeddable":true,"href":"https:\/\/certait.pl\/index.php\/wp-json\/wp\/v2\/media\/6"}],"wp:attachment":[{"href":"https:\/\/certait.pl\/index.php\/wp-json\/wp\/v2\/media?parent=320"}],"curies":[{"name":"wp","href":"https:\/\/api.w.org\/{rel}","templated":true}]}}