{"id":318,"date":"2017-04-04T20:38:13","date_gmt":"2017-04-04T20:38:13","guid":{"rendered":"http:\/\/certait.pl\/?page_id=318"},"modified":"2017-04-05T16:59:50","modified_gmt":"2017-04-05T16:59:50","slug":"bezpieczenstwo-it","status":"publish","type":"page","link":"https:\/\/certait.pl\/index.php\/bezpieczenstwo-it\/","title":{"rendered":"Bezpiecze\u0144stwo IT"},"content":{"rendered":"<p>Bezpiecze\u0144stwo to nie stan to ci\u0105g\u0142y proces. &nbsp;Dlatego nie mo\u017cna zostawi\u0107 system\u00f3w samych sobie. Nale\u017cy je cyklicznie audytowa\u0107 i sprawdza\u0107 ich stan aktualizacji. Bezpiecze\u0144stwo to nie tylko technologia, to r\u00f3wnie\u017c ludzie, dlatego prowadzimy szkolenia dla pracownik\u00f3w ka\u017cdego szczebla zwi\u0119kszaj\u0105ce \u015bwiadomo\u015b\u0107. Szkolenie posiada ogrom przyk\u0142adowo i pokaz\u00f3w na \u017cywo, teoria jest ograniczona do niezb\u0119dnego minimum.&nbsp;<\/p>\n","protected":false},"excerpt":{"rendered":"<p>Bezpiecze\u0144stwo to nie stan to ci\u0105g\u0142y proces. &nbsp;Dlatego nie mo\u017cna zostawi\u0107 system\u00f3w samych sobie. Nale\u017cy je cyklicznie audytowa\u0107 i sprawdza\u0107 ich stan aktualizacji. Bezpiecze\u0144stwo to nie tylko technologia, to r\u00f3wnie\u017c ludzie, dlatego prowadzimy szkolenia dla pracownik\u00f3w ka\u017cdego szczebla zwi\u0119kszaj\u0105ce \u015bwiadomo\u015b\u0107. [&hellip;]<\/p>\n","protected":false},"author":1,"featured_media":6,"parent":0,"menu_order":0,"comment_status":"closed","ping_status":"closed","template":"page-templates\/single-service.php","meta":[],"_links":{"self":[{"href":"https:\/\/certait.pl\/index.php\/wp-json\/wp\/v2\/pages\/318"}],"collection":[{"href":"https:\/\/certait.pl\/index.php\/wp-json\/wp\/v2\/pages"}],"about":[{"href":"https:\/\/certait.pl\/index.php\/wp-json\/wp\/v2\/types\/page"}],"author":[{"embeddable":true,"href":"https:\/\/certait.pl\/index.php\/wp-json\/wp\/v2\/users\/1"}],"replies":[{"embeddable":true,"href":"https:\/\/certait.pl\/index.php\/wp-json\/wp\/v2\/comments?post=318"}],"version-history":[{"count":2,"href":"https:\/\/certait.pl\/index.php\/wp-json\/wp\/v2\/pages\/318\/revisions"}],"predecessor-version":[{"id":335,"href":"https:\/\/certait.pl\/index.php\/wp-json\/wp\/v2\/pages\/318\/revisions\/335"}],"wp:featuredmedia":[{"embeddable":true,"href":"https:\/\/certait.pl\/index.php\/wp-json\/wp\/v2\/media\/6"}],"wp:attachment":[{"href":"https:\/\/certait.pl\/index.php\/wp-json\/wp\/v2\/media?parent=318"}],"curies":[{"name":"wp","href":"https:\/\/api.w.org\/{rel}","templated":true}]}}