{"id":316,"date":"2017-04-04T20:37:33","date_gmt":"2017-04-04T20:37:33","guid":{"rendered":"http:\/\/certait.pl\/?page_id=316"},"modified":"2017-04-05T16:39:32","modified_gmt":"2017-04-05T16:39:32","slug":"obsluga-informatyczna-firm","status":"publish","type":"page","link":"https:\/\/certait.pl\/index.php\/obsluga-informatyczna-firm\/","title":{"rendered":"Obs\u0142uga informatyczna firm"},"content":{"rendered":"<p>Jeste\u015b ma\u0142\u0105 lub \u015bredni\u0105 firm\u0105 i nie potrzebujesz informatyka na pe\u0142en etat? A mo\u017ce jeste\u015b wi\u0119ksz\u0105 firm\u0105 i potrzebujesz dodatkowego wsparcia np. na czas projektu? Najlepszym rozwi\u0105zaniem jest obs\u0142uga informatyczna przez specjalist\u00f3w. Mo\u017ce to by\u0107 pe\u0142en outsourcing lub co-sourcing. Jeste\u015bmy elastyczni, mamy szerokie kompetencje i du\u017ce do\u015bwiadczenie w prowadzeniu projekt\u00f3w.&nbsp;<\/p>\n","protected":false},"excerpt":{"rendered":"<p>Jeste\u015b ma\u0142\u0105 lub \u015bredni\u0105 firm\u0105 i nie potrzebujesz informatyka na pe\u0142en etat? A mo\u017ce jeste\u015b wi\u0119ksz\u0105 firm\u0105 i potrzebujesz dodatkowego wsparcia np. na czas projektu? Najlepszym rozwi\u0105zaniem jest obs\u0142uga informatyczna przez specjalist\u00f3w. Mo\u017ce to by\u0107 pe\u0142en outsourcing lub co-sourcing. Jeste\u015bmy [&hellip;]<\/p>\n","protected":false},"author":1,"featured_media":6,"parent":0,"menu_order":0,"comment_status":"closed","ping_status":"closed","template":"page-templates\/single-service.php","meta":[],"_links":{"self":[{"href":"https:\/\/certait.pl\/index.php\/wp-json\/wp\/v2\/pages\/316"}],"collection":[{"href":"https:\/\/certait.pl\/index.php\/wp-json\/wp\/v2\/pages"}],"about":[{"href":"https:\/\/certait.pl\/index.php\/wp-json\/wp\/v2\/types\/page"}],"author":[{"embeddable":true,"href":"https:\/\/certait.pl\/index.php\/wp-json\/wp\/v2\/users\/1"}],"replies":[{"embeddable":true,"href":"https:\/\/certait.pl\/index.php\/wp-json\/wp\/v2\/comments?post=316"}],"version-history":[{"count":2,"href":"https:\/\/certait.pl\/index.php\/wp-json\/wp\/v2\/pages\/316\/revisions"}],"predecessor-version":[{"id":332,"href":"https:\/\/certait.pl\/index.php\/wp-json\/wp\/v2\/pages\/316\/revisions\/332"}],"wp:featuredmedia":[{"embeddable":true,"href":"https:\/\/certait.pl\/index.php\/wp-json\/wp\/v2\/media\/6"}],"wp:attachment":[{"href":"https:\/\/certait.pl\/index.php\/wp-json\/wp\/v2\/media?parent=316"}],"curies":[{"name":"wp","href":"https:\/\/api.w.org\/{rel}","templated":true}]}}