{"id":314,"date":"2017-04-04T20:36:23","date_gmt":"2017-04-04T20:36:23","guid":{"rendered":"http:\/\/certait.pl\/?page_id=314"},"modified":"2017-04-05T15:03:52","modified_gmt":"2017-04-05T15:03:52","slug":"wirtualizacja","status":"publish","type":"page","link":"https:\/\/certait.pl\/index.php\/wirtualizacja\/","title":{"rendered":"Wirtualizacja"},"content":{"rendered":"<p>Wirtualizacja system\u00f3w komputerowych znacz\u0105co obni\u017ca koszty IT, zar\u00f3wno je\u015bli chodzi o serwery, sie\u0107 jak i pami\u0119ci masowe. Dzi\u0119ki tej technologii mo\u017cemy zmniejszy\u0107 ilo\u015b\u0107 fizycznych maszyn kilkukrotnie dodaj\u0105c do tego funkcje niespotykane w tradycyjnym podej\u015bciu. Wykorzystujemy technologie VMware vSphere a tak\u017ce Microsoft Hyper-V jako wiod\u0105ce w obszarze serwer\u00f3w i pami\u0119ci masowych.<\/p>\n","protected":false},"excerpt":{"rendered":"<p>Wirtualizacja system\u00f3w komputerowych znacz\u0105co obni\u017ca koszty IT, zar\u00f3wno je\u015bli chodzi o serwery, sie\u0107 jak i pami\u0119ci masowe. Dzi\u0119ki tej technologii mo\u017cemy zmniejszy\u0107 ilo\u015b\u0107 fizycznych maszyn kilkukrotnie dodaj\u0105c do tego funkcje niespotykane w tradycyjnym podej\u015bciu. Wykorzystujemy technologie VMware vSphere a tak\u017ce [&hellip;]<\/p>\n","protected":false},"author":1,"featured_media":6,"parent":0,"menu_order":0,"comment_status":"closed","ping_status":"closed","template":"page-templates\/single-service.php","meta":[],"_links":{"self":[{"href":"https:\/\/certait.pl\/index.php\/wp-json\/wp\/v2\/pages\/314"}],"collection":[{"href":"https:\/\/certait.pl\/index.php\/wp-json\/wp\/v2\/pages"}],"about":[{"href":"https:\/\/certait.pl\/index.php\/wp-json\/wp\/v2\/types\/page"}],"author":[{"embeddable":true,"href":"https:\/\/certait.pl\/index.php\/wp-json\/wp\/v2\/users\/1"}],"replies":[{"embeddable":true,"href":"https:\/\/certait.pl\/index.php\/wp-json\/wp\/v2\/comments?post=314"}],"version-history":[{"count":3,"href":"https:\/\/certait.pl\/index.php\/wp-json\/wp\/v2\/pages\/314\/revisions"}],"predecessor-version":[{"id":331,"href":"https:\/\/certait.pl\/index.php\/wp-json\/wp\/v2\/pages\/314\/revisions\/331"}],"wp:featuredmedia":[{"embeddable":true,"href":"https:\/\/certait.pl\/index.php\/wp-json\/wp\/v2\/media\/6"}],"wp:attachment":[{"href":"https:\/\/certait.pl\/index.php\/wp-json\/wp\/v2\/media?parent=314"}],"curies":[{"name":"wp","href":"https:\/\/api.w.org\/{rel}","templated":true}]}}