{"id":273,"date":"2017-04-04T13:46:24","date_gmt":"2017-04-04T13:46:24","guid":{"rendered":"http:\/\/certait.pl\/?page_id=273"},"modified":"2017-04-05T17:15:34","modified_gmt":"2017-04-05T17:15:34","slug":"certabackup","status":"publish","type":"page","link":"http:\/\/certait.pl\/index.php\/certabackup\/","title":{"rendered":"CertaBackup"},"content":{"rendered":"<p>Kopie zapasowe to bardzo kluczowy element infrastruktury. Niestety bardzo cz\u0119sto zaniedbywany, co powoduje wymierne straty dla ka\u017cdego rodzaju firm. Oferujemy rozwi\u0105zania zgodne z najlepszymi praktykami. Oferujemy rozwi\u0105zania tradycyjne i chmurowe.&nbsp;<\/p>\n<p>CertaBackup jest odpowiednie zar\u00f3wno do ma\u0142ych biur posiadaj\u0105cych 1 komputer jak i du\u017cych organizacji z wieloma urz\u0105dzeniami i du\u017ca ilo\u015bci\u0105 danych.&nbsp;<br \/>\nNajwa\u017cniejsz\u0105 cecha kopii zapasowych jest szybko\u015b\u0107 przywracania i pewno\u015b\u0107 \u017ce odpowiednie dane s\u0105 dost\u0119pne. CertaBackup jest niezale\u017cne od sprz\u0119tu i mo\u017cna wykona\u0107 przywr\u00f3cenie na niemal dowolnym innym sprz\u0119cie (Bare Metal Recovery).&nbsp;<\/p>\n<p>CertaBackup zabezpiecza przed zagro\u017ceniami z zewn\u0105trz takimi jak wirusy, ransomware, fizyczna kradzie\u017c sprz\u0119tu, a tak\u017ce \u015brodowiskowymi takimi jak uszkodzenia dysku, przepi\u0119cia, b\u0142\u0119dy w danych.&nbsp;<\/p>\n<p>Podczas wykonywania kopii zapasowych wa\u017cne s\u0105 2 parametry: RTO (Recovery Time Objective) i RPO (Recovery Point Objective.&nbsp;<\/p>\n<p>RTO definiuje czas jak jest potrzebny do przywr\u00f3cenia dzia\u0142ania systemu. Warto pami\u0119ta\u0107 ze to nie tylko czas w jakim program odzyskuje dane, ale r\u00f3wnie\u017c czas potrzebny na zorganizowanie sprz\u0119tu zast\u0119pczego lub napraw\u0119 uszkodzenia.&nbsp;<\/p>\n","protected":false},"excerpt":{"rendered":"<p>Kopie zapasowe to bardzo kluczowy element infrastruktury. Niestety bardzo cz\u0119sto zaniedbywany, co powoduje wymierne straty dla ka\u017cdego rodzaju firm. Oferujemy rozwi\u0105zania zgodne z najlepszymi praktykami. Oferujemy rozwi\u0105zania tradycyjne i chmurowe.&nbsp; CertaBackup jest odpowiednie zar\u00f3wno do ma\u0142ych biur posiadaj\u0105cych 1 komputer [&hellip;]<\/p>\n","protected":false},"author":1,"featured_media":6,"parent":0,"menu_order":0,"comment_status":"closed","ping_status":"closed","template":"page-templates\/single-service.php","meta":[],"_links":{"self":[{"href":"http:\/\/certait.pl\/index.php\/wp-json\/wp\/v2\/pages\/273"}],"collection":[{"href":"http:\/\/certait.pl\/index.php\/wp-json\/wp\/v2\/pages"}],"about":[{"href":"http:\/\/certait.pl\/index.php\/wp-json\/wp\/v2\/types\/page"}],"author":[{"embeddable":true,"href":"http:\/\/certait.pl\/index.php\/wp-json\/wp\/v2\/users\/1"}],"replies":[{"embeddable":true,"href":"http:\/\/certait.pl\/index.php\/wp-json\/wp\/v2\/comments?post=273"}],"version-history":[{"count":3,"href":"http:\/\/certait.pl\/index.php\/wp-json\/wp\/v2\/pages\/273\/revisions"}],"predecessor-version":[{"id":338,"href":"http:\/\/certait.pl\/index.php\/wp-json\/wp\/v2\/pages\/273\/revisions\/338"}],"wp:featuredmedia":[{"embeddable":true,"href":"http:\/\/certait.pl\/index.php\/wp-json\/wp\/v2\/media\/6"}],"wp:attachment":[{"href":"http:\/\/certait.pl\/index.php\/wp-json\/wp\/v2\/media?parent=273"}],"curies":[{"name":"wp","href":"https:\/\/api.w.org\/{rel}","templated":true}]}}